{"id":2467,"date":"2013-08-29T14:26:21","date_gmt":"2013-08-29T11:26:21","guid":{"rendered":"http:\/\/triumfoarka.com\/?page_id=2467"},"modified":"2013-08-30T08:50:24","modified_gmt":"2013-08-30T05:50:24","slug":"sveikiwelcome","status":"publish","type":"page","link":"http:\/\/triumfoarka.com\/","title":{"rendered":"Sveiki! \/ Welcome!"},"content":{"rendered":"<h2 style=\"text-align: center;\"><strong>You are welcome to our homepage, we will try to keep You updated with all the news, publish new photos of our dogs, show results and other things.<\/strong><\/h2>\n<h2 style=\"text-align: center;\"><strong>\u00a0<\/strong><\/h2>\n<h2 style=\"text-align: center;\"><strong>\u00a0Hope You will enjoy visiting our homepage and come back soon for the updates!!!<\/strong><\/h2>\n<p style=\"text-align: center;\">\n<h2 style=\"text-align: center;\">\u2665 \u2665 \u2665 \u2665 \u2665 \u2665<\/h2>\n<p style=\"text-align: center;\">\n<h2 style=\"text-align: center;\"><strong>Sveiki u\u017esuk\u0119 \u012f LKD-FCI pranc\u016bz\u0173 buldog\u0173 veislyno svetain\u0119!!!<\/strong><\/h2>\n<h2 style=\"text-align: center;\"><strong><br \/>\n<\/strong><\/h2>\n<h2 style=\"text-align: center;\"><strong>Malonaus lankymosi!<\/strong><\/h2>\n<p>&nbsp;<\/p>\n<p style=\"text-align: center;\">\u00a0<img decoding=\"async\" loading=\"lazy\" class=\"aligncenter size-full wp-image-2477\" title=\"IMGP4489_TA\" src=\"http:\/\/triumfoarka.com\/wp-content\/uploads\/2013\/08\/IMGP4489_TA1.jpg\" alt=\"\" width=\"550\" height=\"296\" srcset=\"http:\/\/triumfoarka.com\/wp-content\/uploads\/2013\/08\/IMGP4489_TA1.jpg 550w, http:\/\/triumfoarka.com\/wp-content\/uploads\/2013\/08\/IMGP4489_TA1-300x161.jpg 300w\" sizes=\"(max-width: 550px) 100vw, 550px\" \/><\/p>\n","protected":false},"excerpt":{"rendered":"<p>You are welcome to our homepage, we will try to keep You updated with all the news, publish new photos of our dogs, show results and other things. \u00a0 \u00a0Hope You will enjoy visiting our homepage and come back soon for the updates!!! \u2665 \u2665 \u2665 \u2665 \u2665 \u2665 Sveiki u\u017esuk\u0119 \u012f LKD-FCI pranc\u016bz\u0173 buldog\u0173 [&hellip;]<\/p>\n","protected":false},"author":1,"featured_media":0,"parent":0,"menu_order":0,"comment_status":"closed","ping_status":"closed","template":"","meta":[],"_links":{"self":[{"href":"http:\/\/triumfoarka.com\/index.php?rest_route=\/wp\/v2\/pages\/2467"}],"collection":[{"href":"http:\/\/triumfoarka.com\/index.php?rest_route=\/wp\/v2\/pages"}],"about":[{"href":"http:\/\/triumfoarka.com\/index.php?rest_route=\/wp\/v2\/types\/page"}],"author":[{"embeddable":true,"href":"http:\/\/triumfoarka.com\/index.php?rest_route=\/wp\/v2\/users\/1"}],"replies":[{"embeddable":true,"href":"http:\/\/triumfoarka.com\/index.php?rest_route=%2Fwp%2Fv2%2Fcomments&post=2467"}],"version-history":[{"count":16,"href":"http:\/\/triumfoarka.com\/index.php?rest_route=\/wp\/v2\/pages\/2467\/revisions"}],"predecessor-version":[{"id":2470,"href":"http:\/\/triumfoarka.com\/index.php?rest_route=\/wp\/v2\/pages\/2467\/revisions\/2470"}],"wp:attachment":[{"href":"http:\/\/triumfoarka.com\/index.php?rest_route=%2Fwp%2Fv2%2Fmedia&parent=2467"}],"curies":[{"name":"wp","href":"https:\/\/api.w.org\/{rel}","templated":true}]}}