{"id":847,"date":"2011-09-20T21:44:41","date_gmt":"2011-09-20T18:44:41","guid":{"rendered":"http:\/\/triumfoarka.com\/wp\/?page_id=847"},"modified":"2015-12-07T13:49:37","modified_gmt":"2015-12-07T10:49:37","slug":"apie-mus-about-us","status":"publish","type":"page","link":"http:\/\/triumfoarka.com\/?page_id=847","title":{"rendered":"Apie mus \/ About us"},"content":{"rendered":"<table border=\"0\" cellspacing=\"8\" cellpadding=\"3\" align=\"center\">\n<tbody>\n<tr id=\"\" lang=\"\" dir=\"\" align=\"\" valign=\"top\" bgcolor=\"\">\n<td>\n<h3 style=\"text-align: justify;\"><strong>Neprisimenu, kada pirm\u0105 kart\u0105 pama\u010diau pirm\u0105j\u012f pranc\u016bz\u0173 buldog\u0105\u2026 ka\u017ekada, vaikyst\u0117je. Tik labai gerai prisimenu, kad tada pagalvojau: &#8222;kai u\u017eaugsiu b\u016btinai tok\u012f tur\u0117siu\u2026&#8221;.B\u0117go metai, a\u0161 u\u017eaugau, bet meil\u0117 \u0161iems keistiems ir juokingiems \u0161uneliams tik did\u0117jo. Pagaliau i\u0161au\u0161o toks rytas, kai ma\u017e\u0105 \u0161uniuk\u0105 parsine\u0161iau namo\u2026 Pra\u0117jo metai. Ma\u017easis \u0161uniukas u\u017eaugo\u2026 tik nelabai pana\u0161us \u012f t\u0105 matyt\u0105j\u012f ir i\u0161svajot\u0105j\u012f \u0161un\u012f. Reikia prisipa\u017einti, kad pirmasis mano buldogas <em>Torro<\/em> yra be dokument\u0173, tod\u0117l eksterjeru jis atsilieka nuo to, kuris apra\u0161ytas standarte. Dabar jis gyvena kartu su mano t\u0117vais \ud83d\ude42<\/strong><\/h3>\n<\/td>\n<td style=\"text-align: justify;\">\n<h3><strong>I don\u2019t remember when saw the French Bulldog for very first time &#8230; but it happened in my childhood. I remember very well that, then I thought, &#8222;when I will grow up I will have the same&#8221;.Years where running, I grew up, but my love for these fanny and strange doggies was growing with me together. Finally, the morning dawned, when a small puppy I brought home&#8230; A year has gone. Little puppy grew up&#8230; but not the same, that I had saw. I must say that my first bulldog <em>Torro<\/em> is without pedigree, so it is behind the exterior from that described in the standard. Now he lives with my parents \ud83d\ude42<\/strong><\/h3>\n<\/td>\n<\/tr>\n<tr>\n<td style=\"text-align: center;\" rowspan=\"1\" colspan=\"2\"><strong><img decoding=\"async\" loading=\"lazy\" class=\"size-medium wp-image-1554 \" title=\"toras\" src=\"http:\/\/triumfoarka.com\/wp-content\/uploads\/2011\/09\/toras-300x199.jpg\" alt=\"\" width=\"300\" height=\"199\" srcset=\"http:\/\/triumfoarka.com\/wp-content\/uploads\/2011\/09\/toras-300x199.jpg 300w, http:\/\/triumfoarka.com\/wp-content\/uploads\/2011\/09\/toras.jpg 350w\" sizes=\"(max-width: 300px) 100vw, 300px\" \/><\/strong><strong><\/strong><\/p>\n<h3><span style=\"color: #33cccc;\"><strong>Torro<\/strong><\/span><\/h3>\n<\/td>\n<\/tr>\n<tr id=\"\" lang=\"\" dir=\"\" align=\"\" valign=\"top\" bgcolor=\"\">\n<td style=\"text-align: justify;\" rowspan=\"1\" colspan=\"1\">\n<h3><strong>Tuomet supratau, kad man reikia tikro pranc\u016bz\u0173 buldogo ir prasid\u0117jo paie\u0161kos. Dar po met\u0173 m\u016bs\u0173 namus pasiek\u0117 sm\u0117lin\u0117s spalvos pranc\u016bziukas <em>Armani<\/em>. Kartu su juo dalyvavom savo pirmosiose parodose, kartu patyr\u0117m ir pergal\u0117s saldum\u0105, ir pralaim\u0117jimo kart\u0117l\u012f. Tik su juo supratau, koks nuostabus, nenusp\u0117jamas, \u017eavingas, nuo\u0161irdus ir prisiri\u0161\u0119s yra pranc\u016bz\u0173 buldogas. Kuo toliau, tuo daugiau dom\u0117jausi jais. Dar po met\u0173 dviej\u0173 \u0161un\u0173 namie jau buvo per ma\u017ea. Supratau, kad noriu kalyt\u0117s. Taip jau likimas susiklost\u0117, kad namie atsirado ne tik kalyt\u0117 <em>Coca-Cola Medaus kvapas<\/em> (namie Koka), bet ir baltos bei sm\u0117lin\u0117s spalvos \u0161uniukas <em>Etual Flambe Brandy<\/em> (namie Brendis). Tiesiog nuostabus kokteiliukas\u2026<\/strong><\/h3>\n<\/td>\n<td style=\"text-align: justify;\" rowspan=\"1\" colspan=\"1\">\n<h3><strong>Then I realized that I need the real French bulldog and I started to search the one. A year later to our home came little fawn frenchie <em>Armani<\/em>. We take part in our first dog shows together and have experienced the sweetness of victory and the bitterness of defeat. Only with him I realized what an amazing, unpredictable, charming, sincere and affectionate is a French bulldog. The more time was going the more I was interested in them. A year later, the two dogs at home it was already not enough. I realized that I want a girl. But it happened that not only a girl\u00a0 C<em>oca-Cola Medaus kvapas<\/em> (aka Coca), but also white and fawn puppy male <em>Etual Flambe Brandy<\/em>\u00a0(aka Brandy) came to our home &#8211; just amazing cocktail\u2026<\/strong><\/h3>\n<\/td>\n<\/tr>\n<tr id=\"\" lang=\"\" dir=\"\" align=\"\" valign=\"top\" bgcolor=\"\">\n<td rowspan=\"1\" colspan=\"1\">\n<h3 style=\"text-align: justify;\"><strong>M\u016bs\u0173 namuose taip pat gyveno ir pranc\u016bz\u0173 buldogiuk\u0117 Ori, Brend\u017eio dukryt\u0117, kuri buvo m\u016bs\u0173 nam\u0173 d\u017eiaugsmelis ir vis\u0173 i\u0161daig\u0173 iniciator\u0117.<\/strong><\/h3>\n<\/td>\n<td rowspan=\"1\" colspan=\"1\">\n<h3 style=\"text-align: justify;\"><strong>In our home also lived French girl Ori, daughter of Brandy, which was our home joy and all the tricks initiator.<\/strong><\/h3>\n<\/td>\n<\/tr>\n<tr>\n<td style=\"text-align: center;\" rowspan=\"1\" colspan=\"2\"><strong><img decoding=\"async\" loading=\"lazy\" class=\"size-full wp-image-1559 \" title=\"ori\" src=\"http:\/\/triumfoarka.com\/wp-content\/uploads\/2011\/09\/ori.jpg\" alt=\"\" width=\"350\" height=\"233\" srcset=\"http:\/\/triumfoarka.com\/wp-content\/uploads\/2011\/09\/ori.jpg 350w, http:\/\/triumfoarka.com\/wp-content\/uploads\/2011\/09\/ori-300x199.jpg 300w\" sizes=\"(max-width: 350px) 100vw, 350px\" \/><\/strong><\/p>\n<h3><span style=\"color: #33cccc;\"><strong>Ori<\/strong><\/span><\/h3>\n<\/td>\n<\/tr>\n<tr lang=\"\" dir=\"\" align=\"\" valign=\"top\" bgcolor=\"\">\n<td rowspan=\"1\" colspan=\"1\">\n<h3 style=\"text-align: justify;\"><strong>\u0160tai tokia veislyno &#8222;Triumfo arka&#8221; prad\u017eia.<\/strong><\/h3>\n<h3 style=\"text-align: justify;\"><strong>O kokia bus jo istorija dar niekas negali pasakyti&#8230;<\/strong><\/h3>\n<\/td>\n<td rowspan=\"1\" colspan=\"1\">\n<h3><strong>That&#8217;s beginning of the kennel &#8222;Triumfo arka&#8221; (arc de Triomphe).\u00a0<\/strong><\/h3>\n<h3><strong>And what will be his all story no one can say&#8230;<\/strong><\/h3>\n<\/td>\n<\/tr>\n<tr lang=\"\" dir=\"\" align=\"\" valign=\"top\" bgcolor=\"\">\n<td rowspan=\"1\" colspan=\"1\">\n<h3 style=\"text-align: left;\"><strong>M\u016bs\u0173 veislynas yra ma\u017eas, buldogai gyvena kartu su mumis ir yra pilnateisiai \u0161eimos nariai \u2665<br \/>\n<\/strong><\/h3>\n<\/td>\n<td rowspan=\"1\" colspan=\"1\">\n<h3 style=\"text-align: justify;\"><strong>Our kennel is small, bulldogs live with us. All dogs are full members of the family \u2665<br \/>\n<\/strong><\/h3>\n<\/td>\n<\/tr>\n<tr lang=\"\" dir=\"\" align=\"\" valign=\"top\" bgcolor=\"\">\n<td rowspan=\"1\" colspan=\"1\">\n<h3 style=\"text-align: left;\"><strong>2006 m. LKD u\u017eregistravome veis\u0117jo pried\u0117l\u012f.<\/strong><strong><br \/>\n<\/strong><\/h3>\n<\/td>\n<td rowspan=\"1\" colspan=\"1\">\n<h3 style=\"text-align: justify;\"><strong>2006 LKD have registered kennel.<\/strong><strong><br \/>\n<\/strong><\/h3>\n<\/td>\n<\/tr>\n<tr lang=\"\" dir=\"\" align=\"\" valign=\"top\" bgcolor=\"\">\n<td rowspan=\"1\" colspan=\"1\">\n<h3 style=\"text-align: left;\"><strong> <strong>2007 m. FCI sistemoje buvo u\u017eregistruotas vardas TRIUMFO ARKA.<\/strong><br \/>\n<\/strong><\/h3>\n<\/td>\n<td rowspan=\"1\" colspan=\"1\">\n<h3 style=\"text-align: justify;\"><strong>2007 FCI system name has been registered for the TRIUMFO ARKA<br \/>\n<\/strong><\/h3>\n<\/td>\n<\/tr>\n<tr lang=\"\" dir=\"\" align=\"\" valign=\"top\" bgcolor=\"\">\n<td rowspan=\"1\" colspan=\"1\">\n<h3 style=\"text-align: justify;\"><strong>Visada d\u017eiaugiam\u0117s naujais lankytojais ir j\u0173 para\u0161ais sve\u010di\u0173 knygoje \ud83d\ude09<\/strong><\/h3>\n<\/td>\n<td rowspan=\"1\" colspan=\"1\">\n<h3 style=\"text-align: justify;\"><strong>We always excited by new visitors and their signed the guestbook \ud83d\ude09<\/strong><\/h3>\n<\/td>\n<\/tr>\n<tr lang=\"\" dir=\"\" align=\"\" valign=\"top\" bgcolor=\"\">\n<td rowspan=\"1\" colspan=\"1\"><\/td>\n<td rowspan=\"1\" colspan=\"1\"><\/td>\n<\/tr>\n<tr lang=\"\" dir=\"\" align=\"\" valign=\"top\" bgcolor=\"\">\n<td style=\"text-align: center;\" rowspan=\"1\" colspan=\"2\"><a href=\"http:\/\/triumfoarka.com\/wp-content\/uploads\/2011\/09\/As-su-trimis.jpg\"><img decoding=\"async\" loading=\"lazy\" class=\"aligncenter size-full wp-image-1716\" title=\"As su trimis\" src=\"http:\/\/triumfoarka.com\/wp-content\/uploads\/2011\/09\/As-su-trimis.jpg\" alt=\"\" width=\"533\" height=\"533\" srcset=\"http:\/\/triumfoarka.com\/wp-content\/uploads\/2011\/09\/As-su-trimis.jpg 533w, http:\/\/triumfoarka.com\/wp-content\/uploads\/2011\/09\/As-su-trimis-150x150.jpg 150w, http:\/\/triumfoarka.com\/wp-content\/uploads\/2011\/09\/As-su-trimis-300x300.jpg 300w\" sizes=\"(max-width: 533px) 100vw, 533px\" \/><\/a><\/td>\n<\/tr>\n<tr lang=\"\" dir=\"\" align=\"\" valign=\"top\" bgcolor=\"\">\n<td rowspan=\"1\" colspan=\"1\"><\/td>\n<td rowspan=\"1\" colspan=\"1\"><\/td>\n<\/tr>\n<tr lang=\"\" dir=\"\" align=\"\" valign=\"top\" bgcolor=\"\">\n<td style=\"text-align: justify;\" rowspan=\"1\" colspan=\"1\">\n<h3><strong>Pagarbiai, Rida<\/strong><\/h3>\n<\/td>\n<td rowspan=\"1\" colspan=\"1\">\n<h3 style=\"text-align: justify;\"><strong>Sincerely Yours, Rida<\/strong><\/h3>\n<\/td>\n<\/tr>\n<\/tbody>\n<\/table>\n<p>&nbsp;<\/p>\n<p>&nbsp;<\/p>\n","protected":false},"excerpt":{"rendered":"<p>Neprisimenu, kada pirm\u0105 kart\u0105 pama\u010diau pirm\u0105j\u012f pranc\u016bz\u0173 buldog\u0105\u2026 ka\u017ekada, vaikyst\u0117je. Tik labai gerai prisimenu, kad tada pagalvojau: &#8222;kai u\u017eaugsiu b\u016btinai tok\u012f tur\u0117siu\u2026&#8221;.B\u0117go metai, a\u0161 u\u017eaugau, bet meil\u0117 \u0161iems keistiems ir juokingiems \u0161uneliams tik did\u0117jo. Pagaliau i\u0161au\u0161o toks rytas, kai ma\u017e\u0105 \u0161uniuk\u0105 parsine\u0161iau namo\u2026 Pra\u0117jo metai. Ma\u017easis \u0161uniukas u\u017eaugo\u2026 tik nelabai pana\u0161us \u012f t\u0105 matyt\u0105j\u012f ir [&hellip;]<\/p>\n","protected":false},"author":1,"featured_media":0,"parent":0,"menu_order":0,"comment_status":"open","ping_status":"closed","template":"","meta":[],"_links":{"self":[{"href":"http:\/\/triumfoarka.com\/index.php?rest_route=\/wp\/v2\/pages\/847"}],"collection":[{"href":"http:\/\/triumfoarka.com\/index.php?rest_route=\/wp\/v2\/pages"}],"about":[{"href":"http:\/\/triumfoarka.com\/index.php?rest_route=\/wp\/v2\/types\/page"}],"author":[{"embeddable":true,"href":"http:\/\/triumfoarka.com\/index.php?rest_route=\/wp\/v2\/users\/1"}],"replies":[{"embeddable":true,"href":"http:\/\/triumfoarka.com\/index.php?rest_route=%2Fwp%2Fv2%2Fcomments&post=847"}],"version-history":[{"count":63,"href":"http:\/\/triumfoarka.com\/index.php?rest_route=\/wp\/v2\/pages\/847\/revisions"}],"predecessor-version":[{"id":1550,"href":"http:\/\/triumfoarka.com\/index.php?rest_route=\/wp\/v2\/pages\/847\/revisions\/1550"}],"wp:attachment":[{"href":"http:\/\/triumfoarka.com\/index.php?rest_route=%2Fwp%2Fv2%2Fmedia&parent=847"}],"curies":[{"name":"wp","href":"https:\/\/api.w.org\/{rel}","templated":true}]}}