{"id":854,"date":"2011-09-20T21:47:10","date_gmt":"2011-09-20T18:47:10","guid":{"rendered":"http:\/\/triumfoarka.com\/wp\/?page_id=854"},"modified":"2024-03-03T18:34:30","modified_gmt":"2024-03-03T15:34:30","slug":"kontaktai-contacts","status":"publish","type":"page","link":"http:\/\/triumfoarka.com\/?page_id=854","title":{"rendered":"Kontaktai \/ Contacts"},"content":{"rendered":"<h1 style=\"text-align: center;\"><\/h1>\n<h1 style=\"text-align: center;\"><strong><span style=\"color: #33cccc;\">TRIUMFO ARKA <\/span><\/strong><\/h1>\n<h2 style=\"text-align: center;\"><span style=\"color: #ff6600;\"><strong>Pranc\u016bz\u0173 buldog\u0173 veislynas \/ French bulldogs kennel\u00a0<\/strong><\/span><\/h2>\n<h3 style=\"text-align: center;\"><strong><span style=\"color: #ff9900;\">(Lithuania, Kauno rajonas) <\/span><\/strong><\/h3>\n<h2><\/h2>\n<h2 style=\"text-align: center;\"><span style=\"color: #ff6600;\"><strong>Rida Ruzgien\u0117 <\/strong><\/span><\/h2>\n<h3 style=\"text-align: center;\"><span style=\"color: #ff9900;\"><strong>rida.ruzgiene@gmail.com <\/strong><\/span><\/h3>\n<h3 style=\"text-align: center;\"><span style=\"color: #ff9900;\"><strong>Tel. No. +370 656 57845 <\/strong><\/span><\/h3>\n<h3 style=\"text-align: center;\"><span style=\"color: #ff9900;\"><strong>(lithuanian, a bit english)<\/strong><\/span><\/h3>\n<h3 style=\"text-align: center;\"><\/h3>\n<h2><\/h2>\n<h2 style=\"text-align: center;\"><span style=\"color: #ff6600;\"><strong>Egidijus Ruzgas <\/strong><\/span><\/h2>\n<h3 style=\"text-align: center;\"><span style=\"color: #ff9900;\"><strong>Tel. No. +370 656 75958 <\/strong><\/span><\/h3>\n<h3 style=\"text-align: center;\"><span style=\"color: #ff9900;\"><strong>(lithuanian, english)<\/strong><\/span><\/h3>\n<p style=\"text-align: center;\"><a href=\"https:\/\/www.facebook.com\/triumfoarka\/\"><img decoding=\"async\" loading=\"lazy\" class=\"aligncenter wp-image-1544 size-full\" title=\"fb\" src=\"http:\/\/triumfoarka.com\/wp-content\/uploads\/2011\/09\/fb.gif\" alt=\"\" width=\"99\" height=\"98\" \/><\/a><\/p>\n<p style=\"text-align: center;\"><img decoding=\"async\" loading=\"lazy\" class=\"aligncenter size-full wp-image-1718\" title=\"As su dviem\" src=\"http:\/\/triumfoarka.com\/wp-content\/uploads\/2011\/09\/As-su-dviem.jpg\" alt=\"\" width=\"400\" height=\"400\" srcset=\"http:\/\/triumfoarka.com\/wp-content\/uploads\/2011\/09\/As-su-dviem.jpg 600w, http:\/\/triumfoarka.com\/wp-content\/uploads\/2011\/09\/As-su-dviem-150x150.jpg 150w, http:\/\/triumfoarka.com\/wp-content\/uploads\/2011\/09\/As-su-dviem-300x300.jpg 300w\" sizes=\"(max-width: 400px) 100vw, 400px\" \/><a href=\"https:\/\/www.facebook.com\/profile.php?id=100000366474675\"><br \/>\n<\/a><\/p>\n","protected":false},"excerpt":{"rendered":"<p>TRIUMFO ARKA Pranc\u016bz\u0173 buldog\u0173 veislynas \/ French bulldogs kennel\u00a0 (Lithuania, Kauno rajonas) Rida Ruzgien\u0117 rida.ruzgiene@gmail.com Tel. No. +370 656 57845 (lithuanian, a bit english) Egidijus Ruzgas Tel. No. +370 656 75958 (lithuanian, english)<\/p>\n","protected":false},"author":1,"featured_media":0,"parent":0,"menu_order":0,"comment_status":"closed","ping_status":"closed","template":"","meta":[],"_links":{"self":[{"href":"http:\/\/triumfoarka.com\/index.php?rest_route=\/wp\/v2\/pages\/854"}],"collection":[{"href":"http:\/\/triumfoarka.com\/index.php?rest_route=\/wp\/v2\/pages"}],"about":[{"href":"http:\/\/triumfoarka.com\/index.php?rest_route=\/wp\/v2\/types\/page"}],"author":[{"embeddable":true,"href":"http:\/\/triumfoarka.com\/index.php?rest_route=\/wp\/v2\/users\/1"}],"replies":[{"embeddable":true,"href":"http:\/\/triumfoarka.com\/index.php?rest_route=%2Fwp%2Fv2%2Fcomments&post=854"}],"version-history":[{"count":29,"href":"http:\/\/triumfoarka.com\/index.php?rest_route=\/wp\/v2\/pages\/854\/revisions"}],"predecessor-version":[{"id":3536,"href":"http:\/\/triumfoarka.com\/index.php?rest_route=\/wp\/v2\/pages\/854\/revisions\/3536"}],"wp:attachment":[{"href":"http:\/\/triumfoarka.com\/index.php?rest_route=%2Fwp%2Fv2%2Fmedia&parent=854"}],"curies":[{"name":"wp","href":"https:\/\/api.w.org\/{rel}","templated":true}]}}